{"id":170,"date":"2023-05-23T08:07:56","date_gmt":"2023-05-23T08:07:56","guid":{"rendered":"http:\/\/bodegase.web17.com.es\/?page_id=170"},"modified":"2023-11-30T12:30:20","modified_gmt":"2023-11-30T12:30:20","slug":"vinos","status":"publish","type":"page","link":"https:\/\/www.bodegasegido.com\/en\/vinos\/","title":{"rendered":"Vinos"},"content":{"rendered":"<div data-elementor-type=\"wp-page\" data-elementor-id=\"170\" class=\"elementor elementor-170\">\n\t\t\t\t\t\t<section class=\"elementor-section elementor-top-section elementor-element elementor-element-7a1f49a elementor-section-full_width elementor-section-height-min-height elementor-section-stretched elementor-section-height-default elementor-section-items-middle\" data-id=\"7a1f49a\" data-element_type=\"section\" data-e-type=\"section\" data-settings=\"{&quot;stretch_section&quot;:&quot;section-stretched&quot;,&quot;background_background&quot;:&quot;classic&quot;}\">\n\t\t\t\t\t\t<div class=\"elementor-container elementor-column-gap-default\">\n\t\t\t\t\t<div class=\"elementor-column elementor-col-100 elementor-top-column elementor-element elementor-element-14d60d6\" data-id=\"14d60d6\" data-element_type=\"column\" data-e-type=\"column\">\n\t\t\t<div class=\"elementor-widget-wrap elementor-element-populated\">\n\t\t\t\t\t\t<div class=\"elementor-element elementor-element-d9f9fc2 adlery elementor-widget elementor-widget-heading\" data-id=\"d9f9fc2\" data-element_type=\"widget\" data-e-type=\"widget\" data-widget_type=\"heading.default\">\n\t\t\t\t<div class=\"elementor-widget-container\">\n\t\t\t\t\t<h2 class=\"elementor-heading-title elementor-size-default\">Our wines<\/h2>\t\t\t\t<\/div>\n\t\t\t\t<\/div>\n\t\t\t\t\t<\/div>\n\t\t<\/div>\n\t\t\t\t\t<\/div>\n\t\t<\/section>\n\t\t\t\t<section class=\"elementor-section elementor-top-section elementor-element elementor-element-6919a5a elementor-section-stretched elementor-section-boxed elementor-section-height-default elementor-section-height-default\" data-id=\"6919a5a\" data-element_type=\"section\" data-e-type=\"section\" data-settings=\"{&quot;stretch_section&quot;:&quot;section-stretched&quot;}\">\n\t\t\t\t\t\t<div class=\"elementor-container elementor-column-gap-default\">\n\t\t\t\t\t<div class=\"elementor-column elementor-col-50 elementor-top-column elementor-element elementor-element-6b22fd1\" data-id=\"6b22fd1\" data-element_type=\"column\" data-e-type=\"column\">\n\t\t\t<div class=\"elementor-widget-wrap elementor-element-populated\">\n\t\t\t\t\t\t<div class=\"elementor-element elementor-element-cc8b81f elementor-widget elementor-widget-image\" data-id=\"cc8b81f\" data-element_type=\"widget\" data-e-type=\"widget\" data-widget_type=\"image.default\">\n\t\t\t\t<div class=\"elementor-widget-container\">\n\t\t\t\t\t\t\t\t\t\t\t\t\t\t\t\t<a href=\"https:\/\/www.bodegasegido.com\/en\/pirubi-tempranillo-2023\/\">\n\t\t\t\t\t\t\t<img fetchpriority=\"high\" decoding=\"async\" width=\"800\" height=\"800\" src=\"https:\/\/www.bodegasegido.com\/wp-content\/uploads\/2023\/05\/Tempranillo.png\" class=\"attachment-large size-large wp-image-227\" alt=\"\" srcset=\"https:\/\/www.bodegasegido.com\/wp-content\/uploads\/2023\/05\/Tempranillo.png 800w, https:\/\/www.bodegasegido.com\/wp-content\/uploads\/2023\/05\/Tempranillo-300x300.png 300w, https:\/\/www.bodegasegido.com\/wp-content\/uploads\/2023\/05\/Tempranillo-150x150.png 150w, https:\/\/www.bodegasegido.com\/wp-content\/uploads\/2023\/05\/Tempranillo-768x768.png 768w\" sizes=\"(max-width: 800px) 100vw, 800px\" \/>\t\t\t\t\t\t\t\t<\/a>\n\t\t\t\t\t\t\t\t\t\t\t\t\t\t\t<\/div>\n\t\t\t\t<\/div>\n\t\t\t\t\t<\/div>\n\t\t<\/div>\n\t\t\t\t<div class=\"elementor-column elementor-col-50 elementor-top-column elementor-element elementor-element-62ed1ee\" data-id=\"62ed1ee\" data-element_type=\"column\" data-e-type=\"column\">\n\t\t\t<div class=\"elementor-widget-wrap elementor-element-populated\">\n\t\t\t\t\t\t<div class=\"elementor-element elementor-element-824ab1b elementor-widget elementor-widget-heading\" data-id=\"824ab1b\" data-element_type=\"widget\" data-e-type=\"widget\" data-widget_type=\"heading.default\">\n\t\t\t\t<div class=\"elementor-widget-container\">\n\t\t\t\t\t<h2 class=\"elementor-heading-title elementor-size-default\">PIRUB\u00cd<\/h2>\t\t\t\t<\/div>\n\t\t\t\t<\/div>\n\t\t\t\t<div class=\"elementor-element elementor-element-eb12b35 adlery elementor-widget elementor-widget-heading\" data-id=\"eb12b35\" data-element_type=\"widget\" data-e-type=\"widget\" data-widget_type=\"heading.default\">\n\t\t\t\t<div class=\"elementor-widget-container\">\n\t\t\t\t\t<h4 class=\"elementor-heading-title elementor-size-default\">Tempranillo<\/h4>\t\t\t\t<\/div>\n\t\t\t\t<\/div>\n\t\t\t\t<div class=\"elementor-element elementor-element-ffb25de elementor-widget elementor-widget-text-editor\" data-id=\"ffb25de\" data-element_type=\"widget\" data-e-type=\"widget\" data-widget_type=\"text-editor.default\">\n\t\t\t\t<div class=\"elementor-widget-container\">\n\t\t\t\t\t\t\t\t\t<p><span id=\"page15R_mcid16\" class=\"markedContent\"><\/span><span id=\"page17R_mcid13\" class=\"markedContent\"><span dir=\"ltr\" role=\"presentation\">Descubre<\/span> <span dir=\"ltr\" role=\"presentation\">la<\/span> <span dir=\"ltr\" role=\"presentation\">armon\u00eda<\/span> <span dir=\"ltr\" role=\"presentation\">perfecta<\/span> <span dir=\"ltr\" role=\"presentation\">entre<\/span> <span dir=\"ltr\" role=\"presentation\">la<\/span> <span dir=\"ltr\" role=\"presentation\">naturaleza<\/span> <span dir=\"ltr\" role=\"presentation\">y<\/span> <span dir=\"ltr\" role=\"presentation\">la <\/span><\/span><span id=\"page17R_mcid14\" class=\"markedContent\"><span dir=\"ltr\" role=\"presentation\">tecnolog\u00eda en cada sorbo de nuestros vinos.<\/span><\/span><\/p>\t\t\t\t\t\t\t\t<\/div>\n\t\t\t\t<\/div>\n\t\t\t\t<div class=\"elementor-element elementor-element-e8e550f elementor-widget elementor-widget-button\" data-id=\"e8e550f\" data-element_type=\"widget\" data-e-type=\"widget\" data-widget_type=\"button.default\">\n\t\t\t\t<div class=\"elementor-widget-container\">\n\t\t\t\t\t\t\t\t\t<div class=\"elementor-button-wrapper\">\n\t\t\t\t\t<a class=\"elementor-button elementor-button-link elementor-size-sm\" href=\"https:\/\/www.bodegasegido.com\/en\/pirubi-tempranillo-2023\/\">\n\t\t\t\t\t\t<span class=\"elementor-button-content-wrapper\">\n\t\t\t\t\t\t\t\t\t<span class=\"elementor-button-text\">Ver vino<\/span>\n\t\t\t\t\t<\/span>\n\t\t\t\t\t<\/a>\n\t\t\t\t<\/div>\n\t\t\t\t\t\t\t\t<\/div>\n\t\t\t\t<\/div>\n\t\t\t\t\t<\/div>\n\t\t<\/div>\n\t\t\t\t\t<\/div>\n\t\t<\/section>\n\t\t\t\t<section class=\"elementor-section elementor-top-section elementor-element elementor-element-0d4aea2 elementor-section-stretched elementor-section-boxed elementor-section-height-default elementor-section-height-default\" data-id=\"0d4aea2\" data-element_type=\"section\" data-e-type=\"section\" data-settings=\"{&quot;stretch_section&quot;:&quot;section-stretched&quot;}\">\n\t\t\t\t\t\t<div class=\"elementor-container elementor-column-gap-default\">\n\t\t\t\t\t<div class=\"elementor-column elementor-col-50 elementor-top-column elementor-element elementor-element-926b48f\" data-id=\"926b48f\" data-element_type=\"column\" data-e-type=\"column\">\n\t\t\t<div class=\"elementor-widget-wrap elementor-element-populated\">\n\t\t\t\t\t\t<div class=\"elementor-element elementor-element-719c71b elementor-widget elementor-widget-image\" data-id=\"719c71b\" data-element_type=\"widget\" data-e-type=\"widget\" data-widget_type=\"image.default\">\n\t\t\t\t<div class=\"elementor-widget-container\">\n\t\t\t\t\t\t\t\t\t\t\t\t\t\t\t\t<a href=\"https:\/\/www.bodegasegido.com\/en\/pedro-ximenez-2023\/\">\n\t\t\t\t\t\t\t<img decoding=\"async\" width=\"800\" height=\"800\" src=\"https:\/\/www.bodegasegido.com\/wp-content\/uploads\/2023\/05\/Pedro-Ximenez.png\" class=\"attachment-large size-large wp-image-228\" alt=\"\" srcset=\"https:\/\/www.bodegasegido.com\/wp-content\/uploads\/2023\/05\/Pedro-Ximenez.png 800w, https:\/\/www.bodegasegido.com\/wp-content\/uploads\/2023\/05\/Pedro-Ximenez-300x300.png 300w, https:\/\/www.bodegasegido.com\/wp-content\/uploads\/2023\/05\/Pedro-Ximenez-150x150.png 150w, https:\/\/www.bodegasegido.com\/wp-content\/uploads\/2023\/05\/Pedro-Ximenez-768x768.png 768w\" sizes=\"(max-width: 800px) 100vw, 800px\" \/>\t\t\t\t\t\t\t\t<\/a>\n\t\t\t\t\t\t\t\t\t\t\t\t\t\t\t<\/div>\n\t\t\t\t<\/div>\n\t\t\t\t\t<\/div>\n\t\t<\/div>\n\t\t\t\t<div class=\"elementor-column elementor-col-50 elementor-top-column elementor-element elementor-element-69534f0\" data-id=\"69534f0\" data-element_type=\"column\" data-e-type=\"column\">\n\t\t\t<div class=\"elementor-widget-wrap elementor-element-populated\">\n\t\t\t\t\t\t<div class=\"elementor-element elementor-element-cc9f0be elementor-widget elementor-widget-heading\" data-id=\"cc9f0be\" data-element_type=\"widget\" data-e-type=\"widget\" data-widget_type=\"heading.default\">\n\t\t\t\t<div class=\"elementor-widget-container\">\n\t\t\t\t\t<h2 class=\"elementor-heading-title elementor-size-default\">PIRUB\u00cd<\/h2>\t\t\t\t<\/div>\n\t\t\t\t<\/div>\n\t\t\t\t<div class=\"elementor-element elementor-element-e5d95df adlery elementor-widget elementor-widget-heading\" data-id=\"e5d95df\" data-element_type=\"widget\" data-e-type=\"widget\" data-widget_type=\"heading.default\">\n\t\t\t\t<div class=\"elementor-widget-container\">\n\t\t\t\t\t<h4 class=\"elementor-heading-title elementor-size-default\">Pedro Ximenez<\/h4>\t\t\t\t<\/div>\n\t\t\t\t<\/div>\n\t\t\t\t<div class=\"elementor-element elementor-element-0e1b849 elementor-widget__width-initial elementor-widget elementor-widget-text-editor\" data-id=\"0e1b849\" data-element_type=\"widget\" data-e-type=\"widget\" data-widget_type=\"text-editor.default\">\n\t\t\t\t<div class=\"elementor-widget-container\">\n\t\t\t\t\t\t\t\t\t<p class=\"translation-block\">The typicity of this wine is what makes it a gem. Its floral and citrus aromas, along with its youthful and lively palate, make every sip enjoyable.<\/p>\t\t\t\t\t\t\t\t<\/div>\n\t\t\t\t<\/div>\n\t\t\t\t<div class=\"elementor-element elementor-element-9adb5aa elementor-widget elementor-widget-button\" data-id=\"9adb5aa\" data-element_type=\"widget\" data-e-type=\"widget\" data-widget_type=\"button.default\">\n\t\t\t\t<div class=\"elementor-widget-container\">\n\t\t\t\t\t\t\t\t\t<div class=\"elementor-button-wrapper\">\n\t\t\t\t\t<a class=\"elementor-button elementor-button-link elementor-size-sm\" href=\"https:\/\/www.bodegasegido.com\/en\/pedro-ximenez-2023\/\">\n\t\t\t\t\t\t<span class=\"elementor-button-content-wrapper\">\n\t\t\t\t\t\t\t\t\t<span class=\"elementor-button-text\">Ver vino<\/span>\n\t\t\t\t\t<\/span>\n\t\t\t\t\t<\/a>\n\t\t\t\t<\/div>\n\t\t\t\t\t\t\t\t<\/div>\n\t\t\t\t<\/div>\n\t\t\t\t\t<\/div>\n\t\t<\/div>\n\t\t\t\t\t<\/div>\n\t\t<\/section>\n\t\t\t\t<section class=\"elementor-section elementor-top-section elementor-element elementor-element-d212b5b elementor-section-stretched elementor-section-boxed elementor-section-height-default elementor-section-height-default\" data-id=\"d212b5b\" data-element_type=\"section\" data-e-type=\"section\" data-settings=\"{&quot;stretch_section&quot;:&quot;section-stretched&quot;}\">\n\t\t\t\t\t\t<div class=\"elementor-container elementor-column-gap-default\">\n\t\t\t\t\t<div class=\"elementor-column elementor-col-50 elementor-top-column elementor-element elementor-element-081d0ea\" data-id=\"081d0ea\" data-element_type=\"column\" data-e-type=\"column\">\n\t\t\t<div class=\"elementor-widget-wrap elementor-element-populated\">\n\t\t\t\t\t\t<div class=\"elementor-element elementor-element-4f21e0b elementor-widget elementor-widget-image\" data-id=\"4f21e0b\" data-element_type=\"widget\" data-e-type=\"widget\" data-widget_type=\"image.default\">\n\t\t\t\t<div class=\"elementor-widget-container\">\n\t\t\t\t\t\t\t\t\t\t\t\t\t\t\t\t<a href=\"https:\/\/www.bodegasegido.com\/en\/airen-2023\/\">\n\t\t\t\t\t\t\t<img decoding=\"async\" width=\"800\" height=\"800\" src=\"https:\/\/www.bodegasegido.com\/wp-content\/uploads\/2023\/05\/Airen.png\" class=\"attachment-large size-large wp-image-229\" alt=\"\" srcset=\"https:\/\/www.bodegasegido.com\/wp-content\/uploads\/2023\/05\/Airen.png 800w, https:\/\/www.bodegasegido.com\/wp-content\/uploads\/2023\/05\/Airen-300x300.png 300w, https:\/\/www.bodegasegido.com\/wp-content\/uploads\/2023\/05\/Airen-150x150.png 150w, https:\/\/www.bodegasegido.com\/wp-content\/uploads\/2023\/05\/Airen-768x768.png 768w\" sizes=\"(max-width: 800px) 100vw, 800px\" \/>\t\t\t\t\t\t\t\t<\/a>\n\t\t\t\t\t\t\t\t\t\t\t\t\t\t\t<\/div>\n\t\t\t\t<\/div>\n\t\t\t\t\t<\/div>\n\t\t<\/div>\n\t\t\t\t<div class=\"elementor-column elementor-col-50 elementor-top-column elementor-element elementor-element-ec091bf\" data-id=\"ec091bf\" data-element_type=\"column\" data-e-type=\"column\">\n\t\t\t<div class=\"elementor-widget-wrap elementor-element-populated\">\n\t\t\t\t\t\t<div class=\"elementor-element elementor-element-0565f02 elementor-widget elementor-widget-heading\" data-id=\"0565f02\" data-element_type=\"widget\" data-e-type=\"widget\" data-widget_type=\"heading.default\">\n\t\t\t\t<div class=\"elementor-widget-container\">\n\t\t\t\t\t<h2 class=\"elementor-heading-title elementor-size-default\">PIRUB\u00cd<\/h2>\t\t\t\t<\/div>\n\t\t\t\t<\/div>\n\t\t\t\t<div class=\"elementor-element elementor-element-1c6a948 adlery elementor-widget elementor-widget-heading\" data-id=\"1c6a948\" data-element_type=\"widget\" data-e-type=\"widget\" data-widget_type=\"heading.default\">\n\t\t\t\t<div class=\"elementor-widget-container\">\n\t\t\t\t\t<h4 class=\"elementor-heading-title elementor-size-default\">Air\u00e9n<\/h4>\t\t\t\t<\/div>\n\t\t\t\t<\/div>\n\t\t\t\t<div class=\"elementor-element elementor-element-2c2e46d elementor-widget elementor-widget-text-editor\" data-id=\"2c2e46d\" data-element_type=\"widget\" data-e-type=\"widget\" data-widget_type=\"text-editor.default\">\n\t\t\t\t<div class=\"elementor-widget-container\">\n\t\t\t\t\t\t\t\t\t<p class=\"translation-block\">Discover the essence of La Mancha in every sip of this wine. Its aroma of white fruits and citrus, with a subtle touch of aromatic herbs, will fill your glass.<\/p>\t\t\t\t\t\t\t\t<\/div>\n\t\t\t\t<\/div>\n\t\t\t\t<div class=\"elementor-element elementor-element-2c4e1e7 elementor-widget elementor-widget-button\" data-id=\"2c4e1e7\" data-element_type=\"widget\" data-e-type=\"widget\" data-widget_type=\"button.default\">\n\t\t\t\t<div class=\"elementor-widget-container\">\n\t\t\t\t\t\t\t\t\t<div class=\"elementor-button-wrapper\">\n\t\t\t\t\t<a class=\"elementor-button elementor-button-link elementor-size-sm\" href=\"https:\/\/www.bodegasegido.com\/en\/airen-2023\/\">\n\t\t\t\t\t\t<span class=\"elementor-button-content-wrapper\">\n\t\t\t\t\t\t\t\t\t<span class=\"elementor-button-text\">Ver vino<\/span>\n\t\t\t\t\t<\/span>\n\t\t\t\t\t<\/a>\n\t\t\t\t<\/div>\n\t\t\t\t\t\t\t\t<\/div>\n\t\t\t\t<\/div>\n\t\t\t\t\t<\/div>\n\t\t<\/div>\n\t\t\t\t\t<\/div>\n\t\t<\/section>\n\t\t\t\t<section class=\"elementor-section elementor-top-section elementor-element elementor-element-efe1c22 elementor-section-content-middle elementor-section-stretched elementor-section-boxed elementor-section-height-default elementor-section-height-default\" data-id=\"efe1c22\" data-element_type=\"section\" data-e-type=\"section\" data-settings=\"{&quot;stretch_section&quot;:&quot;section-stretched&quot;}\">\n\t\t\t\t\t\t<div class=\"elementor-container elementor-column-gap-no\">\n\t\t\t\t\t<div class=\"elementor-column elementor-col-100 elementor-top-column elementor-element elementor-element-881e606\" data-id=\"881e606\" data-element_type=\"column\" data-e-type=\"column\">\n\t\t\t<div class=\"elementor-widget-wrap elementor-element-populated\">\n\t\t\t\t\t\t<div class=\"elementor-element elementor-element-23c9c9d adlery elementor-widget elementor-widget-heading\" data-id=\"23c9c9d\" data-element_type=\"widget\" data-e-type=\"widget\" data-widget_type=\"heading.default\">\n\t\t\t\t<div class=\"elementor-widget-container\">\n\t\t\t\t\t<h4 class=\"elementor-heading-title elementor-size-default\">Do you want to receive more information?<\/h4>\t\t\t\t<\/div>\n\t\t\t\t<\/div>\n\t\t\t\t<div class=\"elementor-element elementor-element-90d6898 elementor-align-center elementor-widget elementor-widget-button\" data-id=\"90d6898\" data-element_type=\"widget\" data-e-type=\"widget\" data-widget_type=\"button.default\">\n\t\t\t\t<div class=\"elementor-widget-container\">\n\t\t\t\t\t\t\t\t\t<div class=\"elementor-button-wrapper\">\n\t\t\t\t\t<a class=\"elementor-button elementor-button-link elementor-size-lg elementor-animation-shrink\" href=\"\/en\/contacto\/\">\n\t\t\t\t\t\t<span class=\"elementor-button-content-wrapper\">\n\t\t\t\t\t\t\t\t\t<span class=\"elementor-button-text\">CONTACT<\/span>\n\t\t\t\t\t<\/span>\n\t\t\t\t\t<\/a>\n\t\t\t\t<\/div>\n\t\t\t\t\t\t\t\t<\/div>\n\t\t\t\t<\/div>\n\t\t\t\t\t<\/div>\n\t\t<\/div>\n\t\t\t\t\t<\/div>\n\t\t<\/section>\n\t\t\t\t<\/div>","protected":false},"excerpt":{"rendered":"<p>Carta de vinos PIRUB\u00cd Tempranillo Descubre la armon\u00eda perfecta entre la naturaleza y la tecnolog\u00eda en cada sorbo de nuestros vinos. Ver vino PIRUB\u00cd Pedro Ximenez La tipicidad de este vino, es lo que hace de \u00e9l una joya. Sus aromas florales y c\u00edtricos, su boca joven y alegre nos hacen disfrutar de cada trago. [&hellip;]<\/p>\n","protected":false},"author":1,"featured_media":0,"parent":0,"menu_order":0,"comment_status":"closed","ping_status":"closed","template":"","meta":{"footnotes":""},"class_list":["post-170","page","type-page","status-publish","hentry"],"yoast_head":"<!-- This site is optimized with the Yoast SEO plugin v27.5 - https:\/\/yoast.com\/product\/yoast-seo-wordpress\/ -->\n<title>Vinos - Bodegas Egido<\/title>\n<meta name=\"robots\" content=\"index, follow, max-snippet:-1, max-image-preview:large, max-video-preview:-1\" \/>\n<link rel=\"canonical\" href=\"https:\/\/www.bodegasegido.com\/en\/vinos\/\" \/>\n<meta property=\"og:locale\" content=\"en_GB\" \/>\n<meta property=\"og:type\" content=\"article\" \/>\n<meta property=\"og:title\" content=\"Vinos - Bodegas Egido\" \/>\n<meta property=\"og:description\" content=\"Carta de vinos PIRUB\u00cd Tempranillo Descubre la armon\u00eda perfecta entre la naturaleza y la tecnolog\u00eda en cada sorbo de nuestros vinos. Ver vino PIRUB\u00cd Pedro Ximenez La tipicidad de este vino, es lo que hace de \u00e9l una joya. Sus aromas florales y c\u00edtricos, su boca joven y alegre nos hacen disfrutar de cada trago. [&hellip;]\" \/>\n<meta property=\"og:url\" content=\"https:\/\/www.bodegasegido.com\/en\/vinos\/\" \/>\n<meta property=\"og:site_name\" content=\"Bodegas Egido\" \/>\n<meta property=\"article:modified_time\" content=\"2023-11-30T12:30:20+00:00\" \/>\n<meta property=\"og:image\" content=\"https:\/\/www.bodegasegido.com\/wp-content\/uploads\/2023\/05\/Tempranillo.png\" \/>\n<meta name=\"twitter:card\" content=\"summary_large_image\" \/>\n<meta name=\"twitter:label1\" content=\"Estimated reading time\" \/>\n\t<meta name=\"twitter:data1\" content=\"2 minutes\" \/>\n<script type=\"application\/ld+json\" class=\"yoast-schema-graph\">{\"@context\":\"https:\\\/\\\/schema.org\",\"@graph\":[{\"@type\":\"WebPage\",\"@id\":\"https:\\\/\\\/www.bodegasegido.com\\\/vinos\\\/\",\"url\":\"https:\\\/\\\/www.bodegasegido.com\\\/vinos\\\/\",\"name\":\"Vinos - Bodegas Egido\",\"isPartOf\":{\"@id\":\"https:\\\/\\\/www.bodegasegido.com\\\/#website\"},\"primaryImageOfPage\":{\"@id\":\"https:\\\/\\\/www.bodegasegido.com\\\/vinos\\\/#primaryimage\"},\"image\":{\"@id\":\"https:\\\/\\\/www.bodegasegido.com\\\/vinos\\\/#primaryimage\"},\"thumbnailUrl\":\"https:\\\/\\\/www.bodegasegido.com\\\/wp-content\\\/uploads\\\/2023\\\/05\\\/Tempranillo.png\",\"datePublished\":\"2023-05-23T08:07:56+00:00\",\"dateModified\":\"2023-11-30T12:30:20+00:00\",\"breadcrumb\":{\"@id\":\"https:\\\/\\\/www.bodegasegido.com\\\/vinos\\\/#breadcrumb\"},\"inLanguage\":\"en-GB\",\"potentialAction\":[{\"@type\":\"ReadAction\",\"target\":[\"https:\\\/\\\/www.bodegasegido.com\\\/vinos\\\/\"]}]},{\"@type\":\"ImageObject\",\"inLanguage\":\"en-GB\",\"@id\":\"https:\\\/\\\/www.bodegasegido.com\\\/vinos\\\/#primaryimage\",\"url\":\"https:\\\/\\\/www.bodegasegido.com\\\/wp-content\\\/uploads\\\/2023\\\/05\\\/Tempranillo.png\",\"contentUrl\":\"https:\\\/\\\/www.bodegasegido.com\\\/wp-content\\\/uploads\\\/2023\\\/05\\\/Tempranillo.png\"},{\"@type\":\"BreadcrumbList\",\"@id\":\"https:\\\/\\\/www.bodegasegido.com\\\/vinos\\\/#breadcrumb\",\"itemListElement\":[{\"@type\":\"ListItem\",\"position\":1,\"name\":\"Portada\",\"item\":\"https:\\\/\\\/www.bodegasegido.com\\\/\"},{\"@type\":\"ListItem\",\"position\":2,\"name\":\"Vinos\"}]},{\"@type\":\"WebSite\",\"@id\":\"https:\\\/\\\/www.bodegasegido.com\\\/#website\",\"url\":\"https:\\\/\\\/www.bodegasegido.com\\\/\",\"name\":\"Bodegas Egido\",\"description\":\"\",\"publisher\":{\"@id\":\"https:\\\/\\\/www.bodegasegido.com\\\/#organization\"},\"potentialAction\":[{\"@type\":\"SearchAction\",\"target\":{\"@type\":\"EntryPoint\",\"urlTemplate\":\"https:\\\/\\\/www.bodegasegido.com\\\/?s={search_term_string}\"},\"query-input\":{\"@type\":\"PropertyValueSpecification\",\"valueRequired\":true,\"valueName\":\"search_term_string\"}}],\"inLanguage\":\"en-GB\"},{\"@type\":\"Organization\",\"@id\":\"https:\\\/\\\/www.bodegasegido.com\\\/#organization\",\"name\":\"Bodegas Egido\",\"url\":\"https:\\\/\\\/www.bodegasegido.com\\\/\",\"logo\":{\"@type\":\"ImageObject\",\"inLanguage\":\"en-GB\",\"@id\":\"https:\\\/\\\/www.bodegasegido.com\\\/#\\\/schema\\\/logo\\\/image\\\/\",\"url\":\"https:\\\/\\\/www.bodegasegido.com\\\/wp-content\\\/uploads\\\/2023\\\/05\\\/Bodegas-EGIDO-transparente.png\",\"contentUrl\":\"https:\\\/\\\/www.bodegasegido.com\\\/wp-content\\\/uploads\\\/2023\\\/05\\\/Bodegas-EGIDO-transparente.png\",\"width\":729,\"height\":317,\"caption\":\"Bodegas Egido\"},\"image\":{\"@id\":\"https:\\\/\\\/www.bodegasegido.com\\\/#\\\/schema\\\/logo\\\/image\\\/\"}}]}<\/script>\n<!-- \/ Yoast SEO plugin. -->","yoast_head_json":{"title":"Vinos - Bodegas Egido","robots":{"index":"index","follow":"follow","max-snippet":"max-snippet:-1","max-image-preview":"max-image-preview:large","max-video-preview":"max-video-preview:-1"},"canonical":"https:\/\/www.bodegasegido.com\/en\/vinos\/","og_locale":"en_GB","og_type":"article","og_title":"Vinos - Bodegas Egido","og_description":"Carta de vinos PIRUB\u00cd Tempranillo Descubre la armon\u00eda perfecta entre la naturaleza y la tecnolog\u00eda en cada sorbo de nuestros vinos. Ver vino PIRUB\u00cd Pedro Ximenez La tipicidad de este vino, es lo que hace de \u00e9l una joya. Sus aromas florales y c\u00edtricos, su boca joven y alegre nos hacen disfrutar de cada trago. [&hellip;]","og_url":"https:\/\/www.bodegasegido.com\/en\/vinos\/","og_site_name":"Bodegas Egido","article_modified_time":"2023-11-30T12:30:20+00:00","og_image":[{"url":"https:\/\/www.bodegasegido.com\/wp-content\/uploads\/2023\/05\/Tempranillo.png","type":"","width":"","height":""}],"twitter_card":"summary_large_image","twitter_misc":{"Estimated reading time":"2 minutes"},"schema":{"@context":"https:\/\/schema.org","@graph":[{"@type":"WebPage","@id":"https:\/\/www.bodegasegido.com\/vinos\/","url":"https:\/\/www.bodegasegido.com\/vinos\/","name":"Vinos - Bodegas Egido","isPartOf":{"@id":"https:\/\/www.bodegasegido.com\/#website"},"primaryImageOfPage":{"@id":"https:\/\/www.bodegasegido.com\/vinos\/#primaryimage"},"image":{"@id":"https:\/\/www.bodegasegido.com\/vinos\/#primaryimage"},"thumbnailUrl":"https:\/\/www.bodegasegido.com\/wp-content\/uploads\/2023\/05\/Tempranillo.png","datePublished":"2023-05-23T08:07:56+00:00","dateModified":"2023-11-30T12:30:20+00:00","breadcrumb":{"@id":"https:\/\/www.bodegasegido.com\/vinos\/#breadcrumb"},"inLanguage":"en-GB","potentialAction":[{"@type":"ReadAction","target":["https:\/\/www.bodegasegido.com\/vinos\/"]}]},{"@type":"ImageObject","inLanguage":"en-GB","@id":"https:\/\/www.bodegasegido.com\/vinos\/#primaryimage","url":"https:\/\/www.bodegasegido.com\/wp-content\/uploads\/2023\/05\/Tempranillo.png","contentUrl":"https:\/\/www.bodegasegido.com\/wp-content\/uploads\/2023\/05\/Tempranillo.png"},{"@type":"BreadcrumbList","@id":"https:\/\/www.bodegasegido.com\/vinos\/#breadcrumb","itemListElement":[{"@type":"ListItem","position":1,"name":"Portada","item":"https:\/\/www.bodegasegido.com\/"},{"@type":"ListItem","position":2,"name":"Vinos"}]},{"@type":"WebSite","@id":"https:\/\/www.bodegasegido.com\/#website","url":"https:\/\/www.bodegasegido.com\/","name":"Bodegas Egido","description":"","publisher":{"@id":"https:\/\/www.bodegasegido.com\/#organization"},"potentialAction":[{"@type":"SearchAction","target":{"@type":"EntryPoint","urlTemplate":"https:\/\/www.bodegasegido.com\/?s={search_term_string}"},"query-input":{"@type":"PropertyValueSpecification","valueRequired":true,"valueName":"search_term_string"}}],"inLanguage":"en-GB"},{"@type":"Organization","@id":"https:\/\/www.bodegasegido.com\/#organization","name":"Bodegas Egido","url":"https:\/\/www.bodegasegido.com\/","logo":{"@type":"ImageObject","inLanguage":"en-GB","@id":"https:\/\/www.bodegasegido.com\/#\/schema\/logo\/image\/","url":"https:\/\/www.bodegasegido.com\/wp-content\/uploads\/2023\/05\/Bodegas-EGIDO-transparente.png","contentUrl":"https:\/\/www.bodegasegido.com\/wp-content\/uploads\/2023\/05\/Bodegas-EGIDO-transparente.png","width":729,"height":317,"caption":"Bodegas Egido"},"image":{"@id":"https:\/\/www.bodegasegido.com\/#\/schema\/logo\/image\/"}}]}},"_links":{"self":[{"href":"https:\/\/www.bodegasegido.com\/en\/wp-json\/wp\/v2\/pages\/170","targetHints":{"allow":["GET"]}}],"collection":[{"href":"https:\/\/www.bodegasegido.com\/en\/wp-json\/wp\/v2\/pages"}],"about":[{"href":"https:\/\/www.bodegasegido.com\/en\/wp-json\/wp\/v2\/types\/page"}],"author":[{"embeddable":true,"href":"https:\/\/www.bodegasegido.com\/en\/wp-json\/wp\/v2\/users\/1"}],"replies":[{"embeddable":true,"href":"https:\/\/www.bodegasegido.com\/en\/wp-json\/wp\/v2\/comments?post=170"}],"version-history":[{"count":28,"href":"https:\/\/www.bodegasegido.com\/en\/wp-json\/wp\/v2\/pages\/170\/revisions"}],"predecessor-version":[{"id":796,"href":"https:\/\/www.bodegasegido.com\/en\/wp-json\/wp\/v2\/pages\/170\/revisions\/796"}],"wp:attachment":[{"href":"https:\/\/www.bodegasegido.com\/en\/wp-json\/wp\/v2\/media?parent=170"}],"curies":[{"name":"wp","href":"https:\/\/api.w.org\/{rel}","templated":true}]}}