{"id":325,"date":"2023-05-24T09:23:10","date_gmt":"2023-05-24T09:23:10","guid":{"rendered":"http:\/\/bodegase.web17.com.es\/?page_id=325"},"modified":"2023-06-19T10:22:42","modified_gmt":"2023-06-19T10:22:42","slug":"politica-privacidad","status":"publish","type":"page","link":"https:\/\/www.bodegasegido.com\/en\/politica-privacidad\/","title":{"rendered":"Privacy policy"},"content":{"rendered":"<div data-elementor-type=\"wp-page\" data-elementor-id=\"325\" class=\"elementor elementor-325\">\n\t\t\t\t\t\t<section class=\"elementor-section elementor-top-section elementor-element elementor-element-7a1f49a elementor-section-full_width elementor-section-height-min-height elementor-section-stretched elementor-section-height-default elementor-section-items-middle\" data-id=\"7a1f49a\" data-element_type=\"section\" data-e-type=\"section\" data-settings=\"{&quot;stretch_section&quot;:&quot;section-stretched&quot;,&quot;background_background&quot;:&quot;classic&quot;}\">\n\t\t\t\t\t\t<div class=\"elementor-container elementor-column-gap-default\">\n\t\t\t\t\t<div class=\"elementor-column elementor-col-100 elementor-top-column elementor-element elementor-element-14d60d6\" data-id=\"14d60d6\" data-element_type=\"column\" data-e-type=\"column\">\n\t\t\t<div class=\"elementor-widget-wrap elementor-element-populated\">\n\t\t\t\t\t\t<div class=\"elementor-element elementor-element-d9f9fc2 adlery elementor-widget elementor-widget-heading\" data-id=\"d9f9fc2\" data-element_type=\"widget\" data-e-type=\"widget\" data-widget_type=\"heading.default\">\n\t\t\t\t<div class=\"elementor-widget-container\">\n\t\t\t\t\t<h2 class=\"elementor-heading-title elementor-size-default\">Privacy policy<\/h2>\t\t\t\t<\/div>\n\t\t\t\t<\/div>\n\t\t\t\t\t<\/div>\n\t\t<\/div>\n\t\t\t\t\t<\/div>\n\t\t<\/section>\n\t\t\t\t<section class=\"elementor-section elementor-top-section elementor-element elementor-element-48f78620 elementor-section-content-middle elementor-section-stretched elementor-section-boxed elementor-section-height-default elementor-section-height-default\" data-id=\"48f78620\" data-element_type=\"section\" data-e-type=\"section\" data-settings=\"{&quot;stretch_section&quot;:&quot;section-stretched&quot;}\">\n\t\t\t\t\t\t<div class=\"elementor-container elementor-column-gap-no\">\n\t\t\t\t\t<div class=\"elementor-column elementor-col-100 elementor-top-column elementor-element elementor-element-2525ca46\" data-id=\"2525ca46\" data-element_type=\"column\" data-e-type=\"column\">\n\t\t\t<div class=\"elementor-widget-wrap elementor-element-populated\">\n\t\t\t\t\t\t<div class=\"elementor-element elementor-element-59b05aab elementor-widget__width-initial elementor-widget elementor-widget-text-editor\" data-id=\"59b05aab\" data-element_type=\"widget\" data-e-type=\"widget\" data-widget_type=\"text-editor.default\">\n\t\t\t\t<div class=\"elementor-widget-container\">\n\t\t\t\t\t\t\t\t\t<p><strong><em>NTRA. SRA. DEL EGIDO. SOC. COOP. DE CLM <\/em><\/strong>then informs you of its privacy policy applied to personal data. In this way, all personal data under its responsibility will be treated in accordance with Regulation (EU) 2016\/679 of the European Parliament and of the Council of 27 April 2016 on the Protection of Personal Data and the appropriate security and confidentiality measures will be kept.<\/p><p>Visiting the website:\u00a0<strong>: <\/strong><strong><u>www.bodegasegido.com<\/u><\/strong>\u00a0 does not imply that the user must provide any information regarding their identity, and cannot be associated with a specific user by the company. In the event that personal data is provided, this data will be collected and used in accordance with the limitations and rights set out in the aforementioned data protection regulations.<\/p><p>Users who provide personal data give their clear, exact and unequivocal consent to these conditions.<\/p><ol><li><strong> Data collection.<\/strong><\/li><\/ol><p>The collection of personal data will be carried out solely and exclusively through the contact form published on the website and the e-mails that users may send to <strong><em>NTRA. SRA. DEL EGIDO. SOC. COOP. DE CLM <\/em><\/strong>which will be included in an automated file.<\/p><p>The files owned by <strong><em>NTRA. SRA. DEL EGIDO. SOC. COOP. DE CLM <\/em><\/strong>are registered in the General Register of the Spanish Data Protection Agency, which can be accessed by the user or visitor to check their situation.<\/p><p>\u00a0<strong><em>NTRA. SRA. DEL EGIDO. SOC. COOP. DE CLM <\/em><\/strong>will keep your data once the relationship with the user has ended in order to comply with the necessary legal obligations. In turn, it will proceed to the cancellation of the data collected when they are no longer necessary for the purpose for which they were collected.<\/p><ol start=\"2\"><li><strong> Information security.<\/strong><\/li><\/ol><p><strong><em>NTRA. SRA. DEL EGIDO. SOC. COOP. DE CLM <\/em><\/strong>has developed all the systems and technical and organisational measures available to it, in accordance with personal data protection regulations, to prevent the loss, misuse, alteration, unauthorised access and theft of personal data provided by the user or visitor.<\/p><p>However, the user or visitor should be aware that security measures on the Internet are not impregnable.<\/p><ol start=\"3\"><li><strong> Confidentiality and Professional Secrecy.<\/strong><\/li><\/ol><p>Private communications that may occur between the staff of, <strong><em>NTRA. SRA. DEL EGIDO. SOC. COOP. DE CLM <\/em><\/strong>and users or visitors will be considered confidential. Access to this information is restricted through technological tools and strict internal controls.<\/p><ol start=\"4\"><li><strong> Links to other websites.<\/strong><\/li><\/ol><p>This website may contain links to other websites. You are informed that <strong><em>NTRA. SRA. DEL EGIDO. SOC. COOP. DE CLM <\/em><\/strong>has no control over, and is not responsible for, the data protection policies or measures of other websites.<\/p><ol start=\"5\"><li><strong> Users' rights. <\/strong><\/li><\/ol><p>The user may exercise, with respect to the data collected in the manner provided for, the rights recognised by Regulation (EU) 2016\/679 of the European Parliament and of the Council of 27 April 2016 on the Protection of Personal Data and in particular the rights of access, rectification or cancellation of data and opposition.<\/p><p>You may exercise your rights by sending a request by ordinary mail, signed and accompanied by a photocopy of your ID card, to the address of the head office of<strong><em> NTRA. SRA. DEL EGIDO. SOC. COOP. DE CLM <\/em><\/strong>above.<\/p><p><strong><em>NTRA. SRA. DEL EGIDO. SOC. COOP. DE CLM <\/em><\/strong>informs that the personal data collected, when they are no longer necessary or relevant for the purpose for which they were collected, will be cancelled in accordance with the regulations on the protection of personal data.\u00a0<\/p><p><span id=\"page11R_mcid4\" class=\"markedContent\"><span dir=\"ltr\" role=\"presentation\">\u00a0<\/span><\/span><\/p>\t\t\t\t\t\t\t\t<\/div>\n\t\t\t\t<\/div>\n\t\t\t\t\t<\/div>\n\t\t<\/div>\n\t\t\t\t\t<\/div>\n\t\t<\/section>\n\t\t\t\t<\/div>","protected":false},"excerpt":{"rendered":"<p>Pol\u00edtica de privacidad NTRA. SRA. DEL EGIDO. SOC. COOP. DE CLM informa seguidamente de su pol\u00edtica de privacidad aplicada a los datos personales. De esta manera, todos los datos personales que tenga bajo su responsabilidad ser\u00e1n tratados de acuerdo con el Reglamento (UE) 2016\/679, del Parlamento Europeo y del Consejo, de 27 de abril de [&hellip;]<\/p>\n","protected":false},"author":1,"featured_media":0,"parent":0,"menu_order":0,"comment_status":"closed","ping_status":"closed","template":"","meta":{"footnotes":""},"class_list":["post-325","page","type-page","status-publish","hentry"],"yoast_head":"<!-- This site is optimized with the Yoast SEO plugin v27.4 - https:\/\/yoast.com\/product\/yoast-seo-wordpress\/ -->\n<title>Pol\u00edtica de privacidad - Bodegas Egido<\/title>\n<meta name=\"robots\" content=\"index, follow, max-snippet:-1, max-image-preview:large, max-video-preview:-1\" \/>\n<link rel=\"canonical\" href=\"https:\/\/www.bodegasegido.com\/en\/politica-privacidad\/\" \/>\n<meta property=\"og:locale\" content=\"en_GB\" \/>\n<meta property=\"og:type\" content=\"article\" \/>\n<meta property=\"og:title\" content=\"Pol\u00edtica de privacidad - Bodegas Egido\" \/>\n<meta property=\"og:description\" content=\"Pol\u00edtica de privacidad NTRA. SRA. DEL EGIDO. SOC. COOP. DE CLM informa seguidamente de su pol\u00edtica de privacidad aplicada a los datos personales. De esta manera, todos los datos personales que tenga bajo su responsabilidad ser\u00e1n tratados de acuerdo con el Reglamento (UE) 2016\/679, del Parlamento Europeo y del Consejo, de 27 de abril de [&hellip;]\" \/>\n<meta property=\"og:url\" content=\"https:\/\/www.bodegasegido.com\/en\/politica-privacidad\/\" \/>\n<meta property=\"og:site_name\" content=\"Bodegas Egido\" \/>\n<meta property=\"article:modified_time\" content=\"2023-06-19T10:22:42+00:00\" \/>\n<meta name=\"twitter:card\" content=\"summary_large_image\" \/>\n<meta name=\"twitter:label1\" content=\"Estimated reading time\" \/>\n\t<meta name=\"twitter:data1\" content=\"3 minutes\" \/>\n<script type=\"application\/ld+json\" class=\"yoast-schema-graph\">{\"@context\":\"https:\\\/\\\/schema.org\",\"@graph\":[{\"@type\":\"WebPage\",\"@id\":\"https:\\\/\\\/www.bodegasegido.com\\\/politica-privacidad\\\/\",\"url\":\"https:\\\/\\\/www.bodegasegido.com\\\/politica-privacidad\\\/\",\"name\":\"Pol\u00edtica de privacidad - Bodegas Egido\",\"isPartOf\":{\"@id\":\"https:\\\/\\\/www.bodegasegido.com\\\/#website\"},\"datePublished\":\"2023-05-24T09:23:10+00:00\",\"dateModified\":\"2023-06-19T10:22:42+00:00\",\"breadcrumb\":{\"@id\":\"https:\\\/\\\/www.bodegasegido.com\\\/politica-privacidad\\\/#breadcrumb\"},\"inLanguage\":\"en-GB\",\"potentialAction\":[{\"@type\":\"ReadAction\",\"target\":[\"https:\\\/\\\/www.bodegasegido.com\\\/politica-privacidad\\\/\"]}]},{\"@type\":\"BreadcrumbList\",\"@id\":\"https:\\\/\\\/www.bodegasegido.com\\\/politica-privacidad\\\/#breadcrumb\",\"itemListElement\":[{\"@type\":\"ListItem\",\"position\":1,\"name\":\"Portada\",\"item\":\"https:\\\/\\\/www.bodegasegido.com\\\/\"},{\"@type\":\"ListItem\",\"position\":2,\"name\":\"Pol\u00edtica de privacidad\"}]},{\"@type\":\"WebSite\",\"@id\":\"https:\\\/\\\/www.bodegasegido.com\\\/#website\",\"url\":\"https:\\\/\\\/www.bodegasegido.com\\\/\",\"name\":\"Bodegas Egido\",\"description\":\"\",\"publisher\":{\"@id\":\"https:\\\/\\\/www.bodegasegido.com\\\/#organization\"},\"potentialAction\":[{\"@type\":\"SearchAction\",\"target\":{\"@type\":\"EntryPoint\",\"urlTemplate\":\"https:\\\/\\\/www.bodegasegido.com\\\/?s={search_term_string}\"},\"query-input\":{\"@type\":\"PropertyValueSpecification\",\"valueRequired\":true,\"valueName\":\"search_term_string\"}}],\"inLanguage\":\"en-GB\"},{\"@type\":\"Organization\",\"@id\":\"https:\\\/\\\/www.bodegasegido.com\\\/#organization\",\"name\":\"Bodegas Egido\",\"url\":\"https:\\\/\\\/www.bodegasegido.com\\\/\",\"logo\":{\"@type\":\"ImageObject\",\"inLanguage\":\"en-GB\",\"@id\":\"https:\\\/\\\/www.bodegasegido.com\\\/#\\\/schema\\\/logo\\\/image\\\/\",\"url\":\"https:\\\/\\\/www.bodegasegido.com\\\/wp-content\\\/uploads\\\/2023\\\/05\\\/Bodegas-EGIDO-transparente.png\",\"contentUrl\":\"https:\\\/\\\/www.bodegasegido.com\\\/wp-content\\\/uploads\\\/2023\\\/05\\\/Bodegas-EGIDO-transparente.png\",\"width\":729,\"height\":317,\"caption\":\"Bodegas Egido\"},\"image\":{\"@id\":\"https:\\\/\\\/www.bodegasegido.com\\\/#\\\/schema\\\/logo\\\/image\\\/\"}}]}<\/script>\n<!-- \/ Yoast SEO plugin. -->","yoast_head_json":{"title":"Pol\u00edtica de privacidad - Bodegas Egido","robots":{"index":"index","follow":"follow","max-snippet":"max-snippet:-1","max-image-preview":"max-image-preview:large","max-video-preview":"max-video-preview:-1"},"canonical":"https:\/\/www.bodegasegido.com\/en\/politica-privacidad\/","og_locale":"en_GB","og_type":"article","og_title":"Pol\u00edtica de privacidad - Bodegas Egido","og_description":"Pol\u00edtica de privacidad NTRA. SRA. DEL EGIDO. SOC. COOP. DE CLM informa seguidamente de su pol\u00edtica de privacidad aplicada a los datos personales. De esta manera, todos los datos personales que tenga bajo su responsabilidad ser\u00e1n tratados de acuerdo con el Reglamento (UE) 2016\/679, del Parlamento Europeo y del Consejo, de 27 de abril de [&hellip;]","og_url":"https:\/\/www.bodegasegido.com\/en\/politica-privacidad\/","og_site_name":"Bodegas Egido","article_modified_time":"2023-06-19T10:22:42+00:00","twitter_card":"summary_large_image","twitter_misc":{"Estimated reading time":"3 minutes"},"schema":{"@context":"https:\/\/schema.org","@graph":[{"@type":"WebPage","@id":"https:\/\/www.bodegasegido.com\/politica-privacidad\/","url":"https:\/\/www.bodegasegido.com\/politica-privacidad\/","name":"Pol\u00edtica de privacidad - Bodegas Egido","isPartOf":{"@id":"https:\/\/www.bodegasegido.com\/#website"},"datePublished":"2023-05-24T09:23:10+00:00","dateModified":"2023-06-19T10:22:42+00:00","breadcrumb":{"@id":"https:\/\/www.bodegasegido.com\/politica-privacidad\/#breadcrumb"},"inLanguage":"en-GB","potentialAction":[{"@type":"ReadAction","target":["https:\/\/www.bodegasegido.com\/politica-privacidad\/"]}]},{"@type":"BreadcrumbList","@id":"https:\/\/www.bodegasegido.com\/politica-privacidad\/#breadcrumb","itemListElement":[{"@type":"ListItem","position":1,"name":"Portada","item":"https:\/\/www.bodegasegido.com\/"},{"@type":"ListItem","position":2,"name":"Pol\u00edtica de privacidad"}]},{"@type":"WebSite","@id":"https:\/\/www.bodegasegido.com\/#website","url":"https:\/\/www.bodegasegido.com\/","name":"Bodegas Egido","description":"","publisher":{"@id":"https:\/\/www.bodegasegido.com\/#organization"},"potentialAction":[{"@type":"SearchAction","target":{"@type":"EntryPoint","urlTemplate":"https:\/\/www.bodegasegido.com\/?s={search_term_string}"},"query-input":{"@type":"PropertyValueSpecification","valueRequired":true,"valueName":"search_term_string"}}],"inLanguage":"en-GB"},{"@type":"Organization","@id":"https:\/\/www.bodegasegido.com\/#organization","name":"Bodegas Egido","url":"https:\/\/www.bodegasegido.com\/","logo":{"@type":"ImageObject","inLanguage":"en-GB","@id":"https:\/\/www.bodegasegido.com\/#\/schema\/logo\/image\/","url":"https:\/\/www.bodegasegido.com\/wp-content\/uploads\/2023\/05\/Bodegas-EGIDO-transparente.png","contentUrl":"https:\/\/www.bodegasegido.com\/wp-content\/uploads\/2023\/05\/Bodegas-EGIDO-transparente.png","width":729,"height":317,"caption":"Bodegas Egido"},"image":{"@id":"https:\/\/www.bodegasegido.com\/#\/schema\/logo\/image\/"}}]}},"_links":{"self":[{"href":"https:\/\/www.bodegasegido.com\/en\/wp-json\/wp\/v2\/pages\/325","targetHints":{"allow":["GET"]}}],"collection":[{"href":"https:\/\/www.bodegasegido.com\/en\/wp-json\/wp\/v2\/pages"}],"about":[{"href":"https:\/\/www.bodegasegido.com\/en\/wp-json\/wp\/v2\/types\/page"}],"author":[{"embeddable":true,"href":"https:\/\/www.bodegasegido.com\/en\/wp-json\/wp\/v2\/users\/1"}],"replies":[{"embeddable":true,"href":"https:\/\/www.bodegasegido.com\/en\/wp-json\/wp\/v2\/comments?post=325"}],"version-history":[{"count":10,"href":"https:\/\/www.bodegasegido.com\/en\/wp-json\/wp\/v2\/pages\/325\/revisions"}],"predecessor-version":[{"id":725,"href":"https:\/\/www.bodegasegido.com\/en\/wp-json\/wp\/v2\/pages\/325\/revisions\/725"}],"wp:attachment":[{"href":"https:\/\/www.bodegasegido.com\/en\/wp-json\/wp\/v2\/media?parent=325"}],"curies":[{"name":"wp","href":"https:\/\/api.w.org\/{rel}","templated":true}]}}