{"id":36,"date":"2023-05-18T09:49:11","date_gmt":"2023-05-18T09:49:11","guid":{"rendered":"http:\/\/bodegase.web17.com.es\/?page_id=36"},"modified":"2023-06-05T08:55:19","modified_gmt":"2023-06-05T08:55:19","slug":"nuestra-historia","status":"publish","type":"page","link":"https:\/\/www.bodegasegido.com\/en\/nuestra-historia\/","title":{"rendered":"Our history"},"content":{"rendered":"<div data-elementor-type=\"wp-page\" data-elementor-id=\"36\" class=\"elementor elementor-36\">\n\t\t\t\t\t\t<section class=\"elementor-section elementor-top-section elementor-element elementor-element-7a1f49a elementor-section-full_width elementor-section-height-min-height elementor-section-stretched elementor-section-height-default elementor-section-items-middle\" data-id=\"7a1f49a\" data-element_type=\"section\" data-e-type=\"section\" data-settings=\"{&quot;stretch_section&quot;:&quot;section-stretched&quot;,&quot;background_background&quot;:&quot;classic&quot;}\">\n\t\t\t\t\t\t<div class=\"elementor-container elementor-column-gap-default\">\n\t\t\t\t\t<div class=\"elementor-column elementor-col-100 elementor-top-column elementor-element elementor-element-14d60d6\" data-id=\"14d60d6\" data-element_type=\"column\" data-e-type=\"column\">\n\t\t\t<div class=\"elementor-widget-wrap elementor-element-populated\">\n\t\t\t\t\t\t<div class=\"elementor-element elementor-element-d9f9fc2 adlery elementor-widget elementor-widget-heading\" data-id=\"d9f9fc2\" data-element_type=\"widget\" data-e-type=\"widget\" data-widget_type=\"heading.default\">\n\t\t\t\t<div class=\"elementor-widget-container\">\n\t\t\t\t\t<h2 class=\"elementor-heading-title elementor-size-default\">Our history<\/h2>\t\t\t\t<\/div>\n\t\t\t\t<\/div>\n\t\t\t\t\t<\/div>\n\t\t<\/div>\n\t\t\t\t\t<\/div>\n\t\t<\/section>\n\t\t\t\t<section class=\"elementor-section elementor-top-section elementor-element elementor-element-60a084b elementor-section-stretched elementor-hidden-tablet elementor-hidden-mobile elementor-section-boxed elementor-section-height-default elementor-section-height-default\" data-id=\"60a084b\" data-element_type=\"section\" data-e-type=\"section\" data-settings=\"{&quot;stretch_section&quot;:&quot;section-stretched&quot;}\">\n\t\t\t\t\t\t<div class=\"elementor-container elementor-column-gap-default\">\n\t\t\t\t\t<div class=\"elementor-column elementor-col-50 elementor-top-column elementor-element elementor-element-7e7271c\" data-id=\"7e7271c\" data-element_type=\"column\" data-e-type=\"column\">\n\t\t\t<div class=\"elementor-widget-wrap elementor-element-populated\">\n\t\t\t\t\t\t<div class=\"elementor-element elementor-element-0ba9796 elementor-widget elementor-widget-heading\" data-id=\"0ba9796\" data-element_type=\"widget\" data-e-type=\"widget\" data-widget_type=\"heading.default\">\n\t\t\t\t<div class=\"elementor-widget-container\">\n\t\t\t\t\t<h4 class=\"elementor-heading-title elementor-size-default\">70<\/h4>\t\t\t\t<\/div>\n\t\t\t\t<\/div>\n\t\t\t\t\t<\/div>\n\t\t<\/div>\n\t\t\t\t<div class=\"elementor-column elementor-col-50 elementor-top-column elementor-element elementor-element-6473583\" data-id=\"6473583\" data-element_type=\"column\" data-e-type=\"column\">\n\t\t\t<div class=\"elementor-widget-wrap elementor-element-populated\">\n\t\t\t\t\t\t<div class=\"elementor-element elementor-element-7b935dd adlery elementor-widget elementor-widget-heading\" data-id=\"7b935dd\" data-element_type=\"widget\" data-e-type=\"widget\" data-widget_type=\"heading.default\">\n\t\t\t\t<div class=\"elementor-widget-container\">\n\t\t\t\t\t<h4 class=\"elementor-heading-title elementor-size-default\">years of tradition<\/h4>\t\t\t\t<\/div>\n\t\t\t\t<\/div>\n\t\t\t\t\t<\/div>\n\t\t<\/div>\n\t\t\t\t\t<\/div>\n\t\t<\/section>\n\t\t\t\t<section class=\"elementor-section elementor-top-section elementor-element elementor-element-b6a91c7 elementor-section-stretched elementor-hidden-desktop elementor-section-boxed elementor-section-height-default elementor-section-height-default\" data-id=\"b6a91c7\" data-element_type=\"section\" data-e-type=\"section\" data-settings=\"{&quot;stretch_section&quot;:&quot;section-stretched&quot;}\">\n\t\t\t\t\t\t<div class=\"elementor-container elementor-column-gap-default\">\n\t\t\t\t\t<div class=\"elementor-column elementor-col-50 elementor-top-column elementor-element elementor-element-fcafc12\" data-id=\"fcafc12\" data-element_type=\"column\" data-e-type=\"column\">\n\t\t\t<div class=\"elementor-widget-wrap elementor-element-populated\">\n\t\t\t\t\t\t<div class=\"elementor-element elementor-element-0329d2a elementor-widget elementor-widget-heading\" data-id=\"0329d2a\" data-element_type=\"widget\" data-e-type=\"widget\" data-widget_type=\"heading.default\">\n\t\t\t\t<div class=\"elementor-widget-container\">\n\t\t\t\t\t<h4 class=\"elementor-heading-title elementor-size-default\">70<\/h4>\t\t\t\t<\/div>\n\t\t\t\t<\/div>\n\t\t\t\t\t<\/div>\n\t\t<\/div>\n\t\t\t\t<div class=\"elementor-column elementor-col-50 elementor-top-column elementor-element elementor-element-5ae2024\" data-id=\"5ae2024\" data-element_type=\"column\" data-e-type=\"column\">\n\t\t\t<div class=\"elementor-widget-wrap elementor-element-populated\">\n\t\t\t\t\t\t<div class=\"elementor-element elementor-element-05b8801 adlery elementor-widget elementor-widget-heading\" data-id=\"05b8801\" data-element_type=\"widget\" data-e-type=\"widget\" data-widget_type=\"heading.default\">\n\t\t\t\t<div class=\"elementor-widget-container\">\n\t\t\t\t\t<h4 class=\"elementor-heading-title elementor-size-default\">years of tradition<\/h4>\t\t\t\t<\/div>\n\t\t\t\t<\/div>\n\t\t\t\t\t<\/div>\n\t\t<\/div>\n\t\t\t\t\t<\/div>\n\t\t<\/section>\n\t\t\t\t<section class=\"elementor-section elementor-top-section elementor-element elementor-element-48f78620 elementor-section-content-middle elementor-section-stretched elementor-section-boxed elementor-section-height-default elementor-section-height-default\" data-id=\"48f78620\" data-element_type=\"section\" data-e-type=\"section\" data-settings=\"{&quot;stretch_section&quot;:&quot;section-stretched&quot;}\">\n\t\t\t\t\t\t<div class=\"elementor-container elementor-column-gap-no\">\n\t\t\t\t\t<div class=\"elementor-column elementor-col-100 elementor-top-column elementor-element elementor-element-2525ca46\" data-id=\"2525ca46\" data-element_type=\"column\" data-e-type=\"column\">\n\t\t\t<div class=\"elementor-widget-wrap elementor-element-populated\">\n\t\t\t\t\t\t<div class=\"elementor-element elementor-element-fa7f494 elementor-widget elementor-widget-heading\" data-id=\"fa7f494\" data-element_type=\"widget\" data-e-type=\"widget\" data-widget_type=\"heading.default\">\n\t\t\t\t<div class=\"elementor-widget-container\">\n\t\t\t\t\t<h2 class=\"elementor-heading-title elementor-size-default\">LETTER TO A GREAT FAMILY UNITED BY THE LOVE FOR WINE<\/h2>\t\t\t\t<\/div>\n\t\t\t\t<\/div>\n\t\t\t\t<div class=\"elementor-element elementor-element-59b05aab elementor-widget__width-initial elementor-widget elementor-widget-text-editor\" data-id=\"59b05aab\" data-element_type=\"widget\" data-e-type=\"widget\" data-widget_type=\"text-editor.default\">\n\t\t\t\t<div class=\"elementor-widget-container\">\n\t\t\t\t\t\t\t\t\t<p class=\"translation-block\">It was the year 1954 when a group of 120 brave winegrower families mortgaged their properties and built with their own hands and limited resources what would become the first walls and facilities of the winery. Risking their personal heritage, carrying stones in carts and on mules, and excavating caves with pickaxes and shovels, they managed to erect a winery that would become the heart of their viticultural project.<\/p><p class=\"translation-block\">Faced with the instability of the sector in the region, with their small and medium-sized vineyards, they took a step forward and came together to create a winery that would allow them to produce and market quality wines, sowing the seed of what is now the life and economic engine for many families in the region.<\/p><p class=\"translation-block\">Since then, our winery has experienced unstoppable growth, currently counting with over 524 members and 15,000 hectares. Today, we are in the 4th generation of winegrowers since its birth, and we continue to uphold the same spirit and commitment that our founders passed down to us.<\/p><p class=\"translation-block\">A turning point came in the 1990s when the winery experienced accelerated growth. Faced with the instability generated in the wine sector of the region, local winegrowers trusted in the stability and security of our winery, placing their commitment and loyalty in the project.<\/p><p class=\"translation-block\">As a result of this growth, significant investments, improvements, and expansions have been made in our facilities with the aim of enhancing our production capacity and offering higher-quality products. Committed to innovation and future modernization, while never forgetting our roots and traditions, such as our original cement tanks that have been with us since the beginning and continue to be the foundation of some of our finest creations, providing a point of differentiation and history.<\/p><p class=\"translation-block\">Our members, who at various times needed refuge and found it in the winery, have repeatedly given back what it has given them. The loyalty, enthusiasm, and initiative of our members are among our most cherished values and the driving force behind our continuous growth and improvement. We are proud to have their trust and loyalty, and we work to give back everything they offer us through wines of the highest quality.<\/p><p class=\"translation-block\">The winery is a fundamental pillar in the economy of our region, and we are proud to be an active and committed part of its development. Almost all families in the area are directly or indirectly connected to us, forming a united community dedicated to its future.<\/p>\t\t\t\t\t\t\t\t<\/div>\n\t\t\t\t<\/div>\n\t\t\t\t\t<\/div>\n\t\t<\/div>\n\t\t\t\t\t<\/div>\n\t\t<\/section>\n\t\t\t\t<section class=\"elementor-section elementor-top-section elementor-element elementor-element-fbf342e elementor-section-stretched elementor-section-boxed elementor-section-height-default elementor-section-height-default\" data-id=\"fbf342e\" data-element_type=\"section\" data-e-type=\"section\" data-settings=\"{&quot;stretch_section&quot;:&quot;section-stretched&quot;}\">\n\t\t\t\t\t\t<div class=\"elementor-container elementor-column-gap-default\">\n\t\t\t\t\t<div class=\"elementor-column elementor-col-50 elementor-top-column elementor-element elementor-element-2d54e33\" data-id=\"2d54e33\" data-element_type=\"column\" data-e-type=\"column\">\n\t\t\t<div class=\"elementor-widget-wrap\">\n\t\t\t\t\t\t\t<\/div>\n\t\t<\/div>\n\t\t\t\t<div class=\"elementor-column elementor-col-50 elementor-top-column elementor-element elementor-element-d37a834\" data-id=\"d37a834\" data-element_type=\"column\" data-e-type=\"column\">\n\t\t\t<div class=\"elementor-widget-wrap elementor-element-populated\">\n\t\t\t\t\t\t<div class=\"elementor-element elementor-element-e94f031 elementor-widget elementor-widget-image\" data-id=\"e94f031\" data-element_type=\"widget\" data-e-type=\"widget\" data-widget_type=\"image.default\">\n\t\t\t\t<div class=\"elementor-widget-container\">\n\t\t\t\t\t\t\t\t\t\t\t\t\t\t\t<img fetchpriority=\"high\" decoding=\"async\" width=\"300\" height=\"209\" src=\"https:\/\/www.bodegasegido.com\/wp-content\/uploads\/2023\/05\/firma-300x209.png\" class=\"attachment-medium size-medium wp-image-292\" alt=\"\" srcset=\"https:\/\/www.bodegasegido.com\/wp-content\/uploads\/2023\/05\/firma-300x209.png 300w, https:\/\/www.bodegasegido.com\/wp-content\/uploads\/2023\/05\/firma.png 429w\" sizes=\"(max-width: 300px) 100vw, 300px\" \/>\t\t\t\t\t\t\t\t\t\t\t\t\t\t\t<\/div>\n\t\t\t\t<\/div>\n\t\t\t\t\t<\/div>\n\t\t<\/div>\n\t\t\t\t\t<\/div>\n\t\t<\/section>\n\t\t\t\t<\/div>","protected":false},"excerpt":{"rendered":"<p>Nuestra historia 70 a\u00f1os de tradici\u00f3n 70 a\u00f1os de tradici\u00f3n CARTA A UNA GRAN FAMILIA UNIDA POR EL AMOR AL BUEN VINO Era el a\u00f1o 1954 cuando un grupo de 120 valientes familias de viticultores hipotecaron sus propiedades y construyeron con sus manos y limitados recursos lo que en su d\u00eda fueron los primeros muros [&hellip;]<\/p>\n","protected":false},"author":1,"featured_media":0,"parent":0,"menu_order":0,"comment_status":"closed","ping_status":"closed","template":"","meta":{"footnotes":""},"class_list":["post-36","page","type-page","status-publish","hentry"],"yoast_head":"<!-- This site is optimized with the Yoast SEO plugin v27.4 - https:\/\/yoast.com\/product\/yoast-seo-wordpress\/ -->\n<title>Nuestra historia - Bodegas Egido<\/title>\n<meta name=\"robots\" content=\"index, follow, max-snippet:-1, max-image-preview:large, max-video-preview:-1\" \/>\n<link rel=\"canonical\" href=\"https:\/\/www.bodegasegido.com\/en\/nuestra-historia\/\" \/>\n<meta property=\"og:locale\" content=\"en_GB\" \/>\n<meta property=\"og:type\" content=\"article\" \/>\n<meta property=\"og:title\" content=\"Nuestra historia - Bodegas Egido\" \/>\n<meta property=\"og:description\" content=\"Nuestra historia 70 a\u00f1os de tradici\u00f3n 70 a\u00f1os de tradici\u00f3n CARTA A UNA GRAN FAMILIA UNIDA POR EL AMOR AL BUEN VINO Era el a\u00f1o 1954 cuando un grupo de 120 valientes familias de viticultores hipotecaron sus propiedades y construyeron con sus manos y limitados recursos lo que en su d\u00eda fueron los primeros muros [&hellip;]\" \/>\n<meta property=\"og:url\" content=\"https:\/\/www.bodegasegido.com\/en\/nuestra-historia\/\" \/>\n<meta property=\"og:site_name\" content=\"Bodegas Egido\" \/>\n<meta property=\"article:modified_time\" content=\"2023-06-05T08:55:19+00:00\" \/>\n<meta property=\"og:image\" content=\"http:\/\/bodegase.web17.com.es\/wp-content\/uploads\/2023\/05\/firma-300x209.png\" \/>\n<meta name=\"twitter:card\" content=\"summary_large_image\" \/>\n<meta name=\"twitter:label1\" content=\"Estimated reading time\" \/>\n\t<meta name=\"twitter:data1\" content=\"2 minutes\" \/>\n<script type=\"application\/ld+json\" class=\"yoast-schema-graph\">{\"@context\":\"https:\\\/\\\/schema.org\",\"@graph\":[{\"@type\":\"WebPage\",\"@id\":\"https:\\\/\\\/www.bodegasegido.com\\\/nuestra-historia\\\/\",\"url\":\"https:\\\/\\\/www.bodegasegido.com\\\/nuestra-historia\\\/\",\"name\":\"Nuestra historia - Bodegas Egido\",\"isPartOf\":{\"@id\":\"https:\\\/\\\/www.bodegasegido.com\\\/#website\"},\"primaryImageOfPage\":{\"@id\":\"https:\\\/\\\/www.bodegasegido.com\\\/nuestra-historia\\\/#primaryimage\"},\"image\":{\"@id\":\"https:\\\/\\\/www.bodegasegido.com\\\/nuestra-historia\\\/#primaryimage\"},\"thumbnailUrl\":\"http:\\\/\\\/bodegase.web17.com.es\\\/wp-content\\\/uploads\\\/2023\\\/05\\\/firma-300x209.png\",\"datePublished\":\"2023-05-18T09:49:11+00:00\",\"dateModified\":\"2023-06-05T08:55:19+00:00\",\"breadcrumb\":{\"@id\":\"https:\\\/\\\/www.bodegasegido.com\\\/nuestra-historia\\\/#breadcrumb\"},\"inLanguage\":\"en-GB\",\"potentialAction\":[{\"@type\":\"ReadAction\",\"target\":[\"https:\\\/\\\/www.bodegasegido.com\\\/nuestra-historia\\\/\"]}]},{\"@type\":\"ImageObject\",\"inLanguage\":\"en-GB\",\"@id\":\"https:\\\/\\\/www.bodegasegido.com\\\/nuestra-historia\\\/#primaryimage\",\"url\":\"http:\\\/\\\/bodegase.web17.com.es\\\/wp-content\\\/uploads\\\/2023\\\/05\\\/firma-300x209.png\",\"contentUrl\":\"http:\\\/\\\/bodegase.web17.com.es\\\/wp-content\\\/uploads\\\/2023\\\/05\\\/firma-300x209.png\"},{\"@type\":\"BreadcrumbList\",\"@id\":\"https:\\\/\\\/www.bodegasegido.com\\\/nuestra-historia\\\/#breadcrumb\",\"itemListElement\":[{\"@type\":\"ListItem\",\"position\":1,\"name\":\"Portada\",\"item\":\"https:\\\/\\\/www.bodegasegido.com\\\/\"},{\"@type\":\"ListItem\",\"position\":2,\"name\":\"Nuestra historia\"}]},{\"@type\":\"WebSite\",\"@id\":\"https:\\\/\\\/www.bodegasegido.com\\\/#website\",\"url\":\"https:\\\/\\\/www.bodegasegido.com\\\/\",\"name\":\"Bodegas Egido\",\"description\":\"\",\"publisher\":{\"@id\":\"https:\\\/\\\/www.bodegasegido.com\\\/#organization\"},\"potentialAction\":[{\"@type\":\"SearchAction\",\"target\":{\"@type\":\"EntryPoint\",\"urlTemplate\":\"https:\\\/\\\/www.bodegasegido.com\\\/?s={search_term_string}\"},\"query-input\":{\"@type\":\"PropertyValueSpecification\",\"valueRequired\":true,\"valueName\":\"search_term_string\"}}],\"inLanguage\":\"en-GB\"},{\"@type\":\"Organization\",\"@id\":\"https:\\\/\\\/www.bodegasegido.com\\\/#organization\",\"name\":\"Bodegas Egido\",\"url\":\"https:\\\/\\\/www.bodegasegido.com\\\/\",\"logo\":{\"@type\":\"ImageObject\",\"inLanguage\":\"en-GB\",\"@id\":\"https:\\\/\\\/www.bodegasegido.com\\\/#\\\/schema\\\/logo\\\/image\\\/\",\"url\":\"https:\\\/\\\/www.bodegasegido.com\\\/wp-content\\\/uploads\\\/2023\\\/05\\\/Bodegas-EGIDO-transparente.png\",\"contentUrl\":\"https:\\\/\\\/www.bodegasegido.com\\\/wp-content\\\/uploads\\\/2023\\\/05\\\/Bodegas-EGIDO-transparente.png\",\"width\":729,\"height\":317,\"caption\":\"Bodegas Egido\"},\"image\":{\"@id\":\"https:\\\/\\\/www.bodegasegido.com\\\/#\\\/schema\\\/logo\\\/image\\\/\"}}]}<\/script>\n<!-- \/ Yoast SEO plugin. -->","yoast_head_json":{"title":"Nuestra historia - Bodegas Egido","robots":{"index":"index","follow":"follow","max-snippet":"max-snippet:-1","max-image-preview":"max-image-preview:large","max-video-preview":"max-video-preview:-1"},"canonical":"https:\/\/www.bodegasegido.com\/en\/nuestra-historia\/","og_locale":"en_GB","og_type":"article","og_title":"Nuestra historia - Bodegas Egido","og_description":"Nuestra historia 70 a\u00f1os de tradici\u00f3n 70 a\u00f1os de tradici\u00f3n CARTA A UNA GRAN FAMILIA UNIDA POR EL AMOR AL BUEN VINO Era el a\u00f1o 1954 cuando un grupo de 120 valientes familias de viticultores hipotecaron sus propiedades y construyeron con sus manos y limitados recursos lo que en su d\u00eda fueron los primeros muros [&hellip;]","og_url":"https:\/\/www.bodegasegido.com\/en\/nuestra-historia\/","og_site_name":"Bodegas Egido","article_modified_time":"2023-06-05T08:55:19+00:00","og_image":[{"url":"http:\/\/bodegase.web17.com.es\/wp-content\/uploads\/2023\/05\/firma-300x209.png","type":"","width":"","height":""}],"twitter_card":"summary_large_image","twitter_misc":{"Estimated reading time":"2 minutes"},"schema":{"@context":"https:\/\/schema.org","@graph":[{"@type":"WebPage","@id":"https:\/\/www.bodegasegido.com\/nuestra-historia\/","url":"https:\/\/www.bodegasegido.com\/nuestra-historia\/","name":"Nuestra historia - Bodegas Egido","isPartOf":{"@id":"https:\/\/www.bodegasegido.com\/#website"},"primaryImageOfPage":{"@id":"https:\/\/www.bodegasegido.com\/nuestra-historia\/#primaryimage"},"image":{"@id":"https:\/\/www.bodegasegido.com\/nuestra-historia\/#primaryimage"},"thumbnailUrl":"http:\/\/bodegase.web17.com.es\/wp-content\/uploads\/2023\/05\/firma-300x209.png","datePublished":"2023-05-18T09:49:11+00:00","dateModified":"2023-06-05T08:55:19+00:00","breadcrumb":{"@id":"https:\/\/www.bodegasegido.com\/nuestra-historia\/#breadcrumb"},"inLanguage":"en-GB","potentialAction":[{"@type":"ReadAction","target":["https:\/\/www.bodegasegido.com\/nuestra-historia\/"]}]},{"@type":"ImageObject","inLanguage":"en-GB","@id":"https:\/\/www.bodegasegido.com\/nuestra-historia\/#primaryimage","url":"http:\/\/bodegase.web17.com.es\/wp-content\/uploads\/2023\/05\/firma-300x209.png","contentUrl":"http:\/\/bodegase.web17.com.es\/wp-content\/uploads\/2023\/05\/firma-300x209.png"},{"@type":"BreadcrumbList","@id":"https:\/\/www.bodegasegido.com\/nuestra-historia\/#breadcrumb","itemListElement":[{"@type":"ListItem","position":1,"name":"Portada","item":"https:\/\/www.bodegasegido.com\/"},{"@type":"ListItem","position":2,"name":"Nuestra historia"}]},{"@type":"WebSite","@id":"https:\/\/www.bodegasegido.com\/#website","url":"https:\/\/www.bodegasegido.com\/","name":"Bodegas Egido","description":"","publisher":{"@id":"https:\/\/www.bodegasegido.com\/#organization"},"potentialAction":[{"@type":"SearchAction","target":{"@type":"EntryPoint","urlTemplate":"https:\/\/www.bodegasegido.com\/?s={search_term_string}"},"query-input":{"@type":"PropertyValueSpecification","valueRequired":true,"valueName":"search_term_string"}}],"inLanguage":"en-GB"},{"@type":"Organization","@id":"https:\/\/www.bodegasegido.com\/#organization","name":"Bodegas Egido","url":"https:\/\/www.bodegasegido.com\/","logo":{"@type":"ImageObject","inLanguage":"en-GB","@id":"https:\/\/www.bodegasegido.com\/#\/schema\/logo\/image\/","url":"https:\/\/www.bodegasegido.com\/wp-content\/uploads\/2023\/05\/Bodegas-EGIDO-transparente.png","contentUrl":"https:\/\/www.bodegasegido.com\/wp-content\/uploads\/2023\/05\/Bodegas-EGIDO-transparente.png","width":729,"height":317,"caption":"Bodegas Egido"},"image":{"@id":"https:\/\/www.bodegasegido.com\/#\/schema\/logo\/image\/"}}]}},"_links":{"self":[{"href":"https:\/\/www.bodegasegido.com\/en\/wp-json\/wp\/v2\/pages\/36","targetHints":{"allow":["GET"]}}],"collection":[{"href":"https:\/\/www.bodegasegido.com\/en\/wp-json\/wp\/v2\/pages"}],"about":[{"href":"https:\/\/www.bodegasegido.com\/en\/wp-json\/wp\/v2\/types\/page"}],"author":[{"embeddable":true,"href":"https:\/\/www.bodegasegido.com\/en\/wp-json\/wp\/v2\/users\/1"}],"replies":[{"embeddable":true,"href":"https:\/\/www.bodegasegido.com\/en\/wp-json\/wp\/v2\/comments?post=36"}],"version-history":[{"count":104,"href":"https:\/\/www.bodegasegido.com\/en\/wp-json\/wp\/v2\/pages\/36\/revisions"}],"predecessor-version":[{"id":632,"href":"https:\/\/www.bodegasegido.com\/en\/wp-json\/wp\/v2\/pages\/36\/revisions\/632"}],"wp:attachment":[{"href":"https:\/\/www.bodegasegido.com\/en\/wp-json\/wp\/v2\/media?parent=36"}],"curies":[{"name":"wp","href":"https:\/\/api.w.org\/{rel}","templated":true}]}}